{"id":7239,"date":"2023-09-29T14:00:25","date_gmt":"2023-09-29T14:00:25","guid":{"rendered":"https:\/\/keysearch.com.mx\/contact\/"},"modified":"2024-01-04T23:40:16","modified_gmt":"2024-01-04T23:40:16","slug":"contact","status":"publish","type":"page","link":"https:\/\/keysearch.com.mx\/en\/contact\/","title":{"rendered":"Contact"},"content":{"rendered":"<section class=\"wpb-content-wrapper\"><p>[vc_row pb_type=&#8221;ambient&#8221; spcolor=&#8221;#0cdbf3&#8243; mpcolor=&#8221;#6fd2f3&#8243; lpcolor=&#8221;#93e9f3&#8243; lcolor1=&#8221;#6ac6e8&#8243; lcolor2=&#8221;#54d5e8&#8243; lcolor3=&#8221;#2ae8d8&#8243; inner_container=&#8221;no&#8221; padding_top=&#8221;0&#8243; padding_bottom=&#8221;0&#8243;][vc_column][vc_single_image image=&#8221;7266&#8243; img_size=&#8221;full&#8221; alignment=&#8221;center&#8221;][\/vc_column][\/vc_row][vc_row padding_top=&#8221;0&#8243;][vc_column]<div  class=\"kleo-gap\" style=\"height:10px;line-height:10px;\"><\/div>[vc_custom_heading text=&#8221;Contact Us!&#8221; font_container=&#8221;tag:h2|font_size:25|text_align:center|color:%23112c41&#8243; google_fonts=&#8221;font_family:Montserrat%3Aregular%2C700|font_style:700%20bold%20regular%3A700%3Anormal&#8221;]<div  class=\"kleo-gap\" style=\"height:10px;line-height:10px;\"><\/div>[\/vc_column][\/vc_row][vc_row padding_top=&#8221;0&#8243;][vc_column width=&#8221;1\/2&#8243;]<div  class=\"kleo-gap\" style=\"height:10px;line-height:10px;\"><\/div>[vc_custom_heading text=&#8221;Are you a candidate?&#8221; font_container=&#8221;tag:h2|font_size:20|text_align:left|color:%23112c41&#8243; google_fonts=&#8221;font_family:Montserrat%3Aregular%2C700|font_style:700%20bold%20regular%3A700%3Anormal&#8221;][vc_separator align=&#8221;align_left&#8221; el_width=&#8221;50&#8243;]\n<div class=\"wpcf7 no-js\" id=\"wpcf7-f7273-o1\" lang=\"es-ES\" dir=\"ltr\">\n<div class=\"screen-reader-response\"><p role=\"status\" aria-live=\"polite\" aria-atomic=\"true\"><\/p> <ul><\/ul><\/div>\n<form action=\"\/en\/wp-json\/wp\/v2\/pages\/7239#wpcf7-f7273-o1\" method=\"post\" class=\"wpcf7-form init\" aria-label=\"Formulario de contacto\" novalidate=\"novalidate\" data-status=\"init\">\n<div style=\"display: none;\">\n<input type=\"hidden\" name=\"_wpcf7\" value=\"7273\" \/>\n<input type=\"hidden\" name=\"_wpcf7_version\" value=\"5.8.4\" \/>\n<input type=\"hidden\" name=\"_wpcf7_locale\" value=\"es_ES\" \/>\n<input type=\"hidden\" name=\"_wpcf7_unit_tag\" value=\"wpcf7-f7273-o1\" \/>\n<input type=\"hidden\" name=\"_wpcf7_container_post\" value=\"0\" \/>\n<input type=\"hidden\" name=\"_wpcf7_posted_data_hash\" value=\"\" \/>\n<input type=\"hidden\" name=\"_wpcf7_recaptcha_response\" value=\"\" \/>\n<\/div>\n<div style=\"color:#000\">\n\t<p><label> Full name<br \/>\n<span class=\"wpcf7-form-control-wrap\" data-name=\"your-name\"><input size=\"40\" class=\"wpcf7-form-control wpcf7-text wpcf7-validates-as-required\" autocomplete=\"name\" aria-required=\"true\" aria-invalid=\"false\" value=\"\" type=\"text\" name=\"your-name\" \/><\/span> <\/label>\n\t<\/p>\n\t<p><label> Position<br \/>\n<span class=\"wpcf7-form-control-wrap\" data-name=\"puesto\"><input size=\"40\" class=\"wpcf7-form-control wpcf7-text wpcf7-validates-as-required\" aria-required=\"true\" aria-invalid=\"false\" value=\"\" type=\"text\" name=\"puesto\" \/><\/span><\/label>\n\t<\/p>\n\t<p><label> Company<br \/>\n<span class=\"wpcf7-form-control-wrap\" data-name=\"empresa\"><input size=\"40\" class=\"wpcf7-form-control wpcf7-text wpcf7-validates-as-required\" aria-required=\"true\" aria-invalid=\"false\" value=\"\" type=\"text\" name=\"empresa\" \/><\/span><\/label>\n\t<\/p>\n\t<p><label> Email<br \/>\n<span class=\"wpcf7-form-control-wrap\" data-name=\"your-email\"><input size=\"40\" class=\"wpcf7-form-control wpcf7-email wpcf7-validates-as-required wpcf7-text wpcf7-validates-as-email\" autocomplete=\"email\" aria-required=\"true\" aria-invalid=\"false\" value=\"\" type=\"email\" name=\"your-email\" \/><\/span> <\/label>\n\t<\/p>\n\t<p><label> Phone<br \/>\n<span class=\"wpcf7-form-control-wrap\" data-name=\"tel-598\"><input size=\"40\" class=\"wpcf7-form-control wpcf7-tel wpcf7-validates-as-required wpcf7-text wpcf7-validates-as-tel\" aria-required=\"true\" aria-invalid=\"false\" value=\"\" type=\"tel\" name=\"tel-598\" \/><\/span> <\/label>\n\t<\/p>\n\t<p><label> Send us a message<br \/>\n<span class=\"wpcf7-form-control-wrap\" data-name=\"your-message\"><textarea cols=\"40\" rows=\"10\" class=\"wpcf7-form-control wpcf7-textarea\" aria-invalid=\"false\" name=\"your-message\"><\/textarea><\/span> <\/label>\n\t<\/p>\n\t<p><input class=\"wpcf7-form-control wpcf7-submit has-spinner\" type=\"submit\" value=\"Send\" \/>\n\t<\/p>\n<\/div><div class=\"wpcf7-response-output\" aria-hidden=\"true\"><\/div>\n<\/form>\n<\/div>\n[\/vc_column][vc_column width=&#8221;1\/2&#8243;]<div  class=\"kleo-gap\" style=\"height:10px;line-height:10px;\"><\/div>[vc_custom_heading text=&#8221;Do you want to be our client?&#8221; font_container=&#8221;tag:h2|font_size:20|text_align:left|color:%23112c41&#8243; google_fonts=&#8221;font_family:Montserrat%3Aregular%2C700|font_style:700%20bold%20regular%3A700%3Anormal&#8221;][vc_separator align=&#8221;align_left&#8221; el_width=&#8221;50&#8243;]\n<div class=\"wpcf7 no-js\" id=\"wpcf7-f7274-o2\" lang=\"es-ES\" dir=\"ltr\">\n<div class=\"screen-reader-response\"><p role=\"status\" aria-live=\"polite\" aria-atomic=\"true\"><\/p> <ul><\/ul><\/div>\n<form action=\"\/en\/wp-json\/wp\/v2\/pages\/7239#wpcf7-f7274-o2\" method=\"post\" class=\"wpcf7-form init\" aria-label=\"Formulario de contacto\" novalidate=\"novalidate\" data-status=\"init\">\n<div style=\"display: none;\">\n<input type=\"hidden\" name=\"_wpcf7\" value=\"7274\" \/>\n<input type=\"hidden\" name=\"_wpcf7_version\" value=\"5.8.4\" \/>\n<input type=\"hidden\" name=\"_wpcf7_locale\" value=\"es_ES\" \/>\n<input type=\"hidden\" name=\"_wpcf7_unit_tag\" value=\"wpcf7-f7274-o2\" \/>\n<input type=\"hidden\" name=\"_wpcf7_container_post\" value=\"0\" \/>\n<input type=\"hidden\" name=\"_wpcf7_posted_data_hash\" value=\"\" \/>\n<input type=\"hidden\" name=\"_wpcf7_recaptcha_response\" value=\"\" \/>\n<\/div>\n<div style=\"color:#000\">\n\t<p><label> Full name<br \/>\n<span class=\"wpcf7-form-control-wrap\" data-name=\"your-name\"><input size=\"40\" class=\"wpcf7-form-control wpcf7-text wpcf7-validates-as-required\" autocomplete=\"name\" aria-required=\"true\" aria-invalid=\"false\" value=\"\" type=\"text\" name=\"your-name\" \/><\/span> <\/label>\n\t<\/p>\n\t<p><label> Position<br \/>\n<span class=\"wpcf7-form-control-wrap\" data-name=\"puesto\"><input size=\"40\" class=\"wpcf7-form-control wpcf7-text wpcf7-validates-as-required\" aria-required=\"true\" aria-invalid=\"false\" value=\"\" type=\"text\" name=\"puesto\" \/><\/span><\/label>\n\t<\/p>\n\t<p><label> Company<br \/>\n<span class=\"wpcf7-form-control-wrap\" data-name=\"empresa\"><input size=\"40\" class=\"wpcf7-form-control wpcf7-text wpcf7-validates-as-required\" aria-required=\"true\" aria-invalid=\"false\" value=\"\" type=\"text\" name=\"empresa\" \/><\/span><\/label>\n\t<\/p>\n\t<p><label> Email<br \/>\n<span class=\"wpcf7-form-control-wrap\" data-name=\"your-email\"><input size=\"40\" class=\"wpcf7-form-control wpcf7-email wpcf7-validates-as-required wpcf7-text wpcf7-validates-as-email\" autocomplete=\"email\" aria-required=\"true\" aria-invalid=\"false\" value=\"\" type=\"email\" name=\"your-email\" \/><\/span> <\/label>\n\t<\/p>\n\t<p><label> Phone<br \/>\n<span class=\"wpcf7-form-control-wrap\" data-name=\"tel-598\"><input size=\"40\" class=\"wpcf7-form-control wpcf7-tel wpcf7-validates-as-required wpcf7-text wpcf7-validates-as-tel\" aria-required=\"true\" aria-invalid=\"false\" value=\"\" type=\"tel\" name=\"tel-598\" \/><\/span> <\/label>\n\t<\/p>\n\t<p><label> Send us a message<br \/>\n<span class=\"wpcf7-form-control-wrap\" data-name=\"your-message\"><textarea cols=\"40\" rows=\"10\" class=\"wpcf7-form-control wpcf7-textarea\" aria-invalid=\"false\" name=\"your-message\"><\/textarea><\/span> <\/label>\n\t<\/p>\n\t<p><input class=\"wpcf7-form-control wpcf7-submit has-spinner\" type=\"submit\" value=\"Send\" \/>\n\t<\/p>\n<\/div><div class=\"wpcf7-response-output\" aria-hidden=\"true\"><\/div>\n<\/form>\n<\/div>\n[\/vc_column][\/vc_row][vc_row inner_container=&#8221;no&#8221; text_align=&#8221;center&#8221; type=&#8221;color&#8221; bg_color=&#8221;#122739&#8243;][vc_column]<div  class=\"kleo-gap\" style=\"height:50px;line-height:50px;\"><\/div>[vc_custom_heading text=&#8221;Address: Dakota 204, Desp. 301 Col. N\u00e1poles, Benito Ju\u00e1rez, C.P. 03810 Ciudad de M\u00e9xico.&#8221; font_container=&#8221;tag:h2|font_size:20|text_align:center|color:%23ffffff|line_height:2&#8243; google_fonts=&#8221;font_family:Montserrat%3Aregular%2C700|font_style:700%20bold%20regular%3A700%3Anormal&#8221;][vc_column_text]<\/p>\n<h3 style=\"text-align: center;\"><span style=\"color: #ffffff;\">Corporate e-mail: <a style=\"color: #ffffff;\" href=\"mailto:elitetalent@keysearch.com.mx\">elitetalent@keysearch.com.mx<\/a><\/span><\/h3>\n<p>[\/vc_column_text][vc_column_text]<\/p>\n<h3 style=\"text-align: center;\"><span style=\"color: #ffffff;\">Candidates e-mail: <a style=\"color: #ffffff;\" href=\"mailto:recluta@keysearch.com.mx\">recluta@keysearch.com.mx<\/a><\/span><\/h3>\n<p>[\/vc_column_text]<div  class=\"kleo-gap\" style=\"height:50px;line-height:50px;\"><\/div>[\/vc_column][\/vc_row][vc_row inner_container=&#8221;no&#8221; text_align=&#8221;center&#8221; type=&#8221;image&#8221; padding_top=&#8221;0&#8243; padding_bottom=&#8221;0&#8243;][vc_column][vc_gmaps link=&#8221;#E-8_JTNDaWZyYW1lJTIwc3JjJTNEJTIyaHR0cHMlM0ElMkYlMkZ3d3cuZ29vZ2xlLmNvbSUyRm1hcHMlMkZlbWJlZCUzRnBiJTNEJTIxMW0xOCUyMTFtMTIlMjExbTMlMjExZDM3NjMuNDU1MTIwOTMzMjUxJTIxMmQtOTkuMTgwOTgzMjE5MTMwNTclMjEzZDE5LjM5MjczMTk5NTI0NzUxNiUyMTJtMyUyMTFmMCUyMTJmMCUyMTNmMCUyMTNtMiUyMTFpMTAyNCUyMTJpNzY4JTIxNGYxMy4xJTIxM20zJTIxMW0yJTIxMXMweDg1ZDFmZjcxMDFmZTZkNDUlMjUzQTB4NGUxZTMxYzRhNzIwNzlmJTIxMnNEYWtvdGElMjUyMDIwNCUyNTJDJTI1MjBOJTI1QzMlMjVBMXBvbGVzJTI1MkMlMjUyMEJlbml0byUyNTIwSnUlMjVDMyUyNUExcmV6JTI1MkMlMjUyMDAzODEwJTI1MjBDaXVkYWQlMjUyMGRlJTI1MjBNJTI1QzMlMjVBOXhpY28lMjUyQyUyNTIwQ0RNWCUyMTVlMCUyMTNtMiUyMTFzZXMtNDE5JTIxMnNteCUyMTR2MTY5NTk5NjU0NTAyNiUyMTVtMiUyMTFzZXMtNDE5JTIxMnNteCUyMiUyMHdpZHRoJTNEJTIyNjAwJTIyJTIwaGVpZ2h0JTNEJTIyNDUwJTIyJTIwc3R5bGUlM0QlMjJib3JkZXIlM0EwJTNCJTIyJTIwYWxsb3dmdWxsc2NyZWVuJTNEJTIyJTIyJTIwbG9hZGluZyUzRCUyMmxhenklMjIlMjByZWZlcnJlcnBvbGljeSUzRCUyMm5vLXJlZmVycmVyLXdoZW4tZG93bmdyYWRlJTIyJTNFJTNDJTJGaWZyYW1lJTNF&#8221;][\/vc_column][\/vc_row][vc_row type=&#8221;color&#8221; bg_color=&#8221;#172c3f&#8221; margin_bottom=&#8221;-11&#8243;][vc_column][vc_raw_html]JTNDcCUyMHN0eWxlJTNEJTIydGV4dC1hbGlnbiUzQSUyMGNlbnRlciUzQiUyMiUzRSUzQ3N0cm9uZyUzRSUyNmNvcHklM0IlNUJjdXJyZW50LXllYXIlNUQlMjBLRVlTRUFSQ0glM0MlMkZzdHJvbmclM0UlM0MlMkZwJTNFJTBBJTNDcCUyMHN0eWxlJTNEJTIydGV4dC1hbGlnbiUzQSUyMGNlbnRlciUzQiUyMiUzRSUzQ2ElMjBocmVmJTNEJTIyaHR0cHMlM0ElMkYlMkZrZXlzZWFyY2guY29tLm14JTJGd3AtY29udGVudCUyRnVwbG9hZHMlMkYyMDI0JTJGMDElMkZQUklWQUNZLVBPTElDWS5wZGYlMjIlMjB0YXJnZXQlM0QlMjJfYmxhbmslMjIlMjByZWwlM0QlMjJub29wZW5lciUyMG5vcmVmZXJyZXIlMjIlM0UlM0NzcGFuJTIwc3R5bGUlM0QlMjJjb2xvciUzQSUyMHJnYiUyODIwNCUyQyUyMDIwNCUyQyUyMDIwNCUyOSUzQiUyMiUzRVBSSVZBQ1klMjBQT0xJQ1klM0MlMkZzcGFuJTNFJTNDJTJGYSUzRSUzQyUyRnAlM0U=[\/vc_raw_html][\/vc_column][\/vc_row]<\/p>\n<\/section>","protected":false},"excerpt":{"rendered":"<p>[vc_row pb_type=&#8221;ambient&#8221; spcolor=&#8221;#0cdbf3&#8243; mpcolor=&#8221;#6fd2f3&#8243; lpcolor=&#8221;#93e9f3&#8243; lcolor1=&#8221;#6ac6e8&#8243; lcolor2=&#8221;#54d5e8&#8243; lcolor3=&#8221;#2ae8d8&#8243; inner_container=&#8221;no&#8221; padding_top=&#8221;0&#8243; padding_bottom=&#8221;0&#8243;][vc_column][vc_single_image image=&#8221;7266&#8243; img_size=&#8221;full&#8221; alignment=&#8221;center&#8221;][\/vc_column][\/vc_row][vc_row padding_top=&#8221;0&#8243;][vc_column][vc_custom_heading text=&#8221;Contact Us!&#8221; font_container=&#8221;tag:h2|font_size:25|text_align:center|color:%23112c41&#8243; google_fonts=&#8221;font_family:Montserrat%3Aregular%2C700|font_style:700%20bold%20regular%3A700%3Anormal&#8221;][\/vc_column][\/vc_row][vc_row padding_top=&#8221;0&#8243;][vc_column width=&#8221;1\/2&#8243;][vc_custom_heading text=&#8221;Are you a candidate?&#8221; font_container=&#8221;tag:h2|font_size:20|text_align:left|color:%23112c41&#8243; google_fonts=&#8221;font_family:Montserrat%3Aregular%2C700|font_style:700%20bold%20regular%3A700%3Anormal&#8221;][vc_separator align=&#8221;align_left&#8221; el_width=&#8221;50&#8243;][\/vc_column][vc_column width=&#8221;1\/2&#8243;][vc_custom_heading text=&#8221;Do you want to be our client?&#8221; font_container=&#8221;tag:h2|font_size:20|text_align:left|color:%23112c41&#8243; google_fonts=&#8221;font_family:Montserrat%3Aregular%2C700|font_style:700%20bold%20regular%3A700%3Anormal&#8221;][vc_separator align=&#8221;align_left&#8221; el_width=&#8221;50&#8243;][\/vc_column][\/vc_row][vc_row inner_container=&#8221;no&#8221; text_align=&#8221;center&#8221; type=&#8221;color&#8221; bg_color=&#8221;#122739&#8243;][vc_column][vc_custom_heading text=&#8221;Address: Dakota 204, Desp. 301 Col. N\u00e1poles, Benito Ju\u00e1rez, C.P. 03810 Ciudad de M\u00e9xico.&#8221; font_container=&#8221;tag:h2|font_size:20|text_align:center|color:%23ffffff|line_height:2&#8243; [&hellip;]<\/p>\n","protected":false},"author":1,"featured_media":0,"parent":0,"menu_order":0,"comment_status":"open","ping_status":"closed","template":"page-templates\/full-width-no-container.php","meta":{"footnotes":""},"class_list":["post-7239","page","type-page","status-publish","hentry"],"_links":{"self":[{"href":"https:\/\/keysearch.com.mx\/en\/wp-json\/wp\/v2\/pages\/7239","targetHints":{"allow":["GET"]}}],"collection":[{"href":"https:\/\/keysearch.com.mx\/en\/wp-json\/wp\/v2\/pages"}],"about":[{"href":"https:\/\/keysearch.com.mx\/en\/wp-json\/wp\/v2\/types\/page"}],"author":[{"embeddable":true,"href":"https:\/\/keysearch.com.mx\/en\/wp-json\/wp\/v2\/users\/1"}],"replies":[{"embeddable":true,"href":"https:\/\/keysearch.com.mx\/en\/wp-json\/wp\/v2\/comments?post=7239"}],"version-history":[{"count":12,"href":"https:\/\/keysearch.com.mx\/en\/wp-json\/wp\/v2\/pages\/7239\/revisions"}],"predecessor-version":[{"id":7337,"href":"https:\/\/keysearch.com.mx\/en\/wp-json\/wp\/v2\/pages\/7239\/revisions\/7337"}],"wp:attachment":[{"href":"https:\/\/keysearch.com.mx\/en\/wp-json\/wp\/v2\/media?parent=7239"}],"curies":[{"name":"wp","href":"https:\/\/api.w.org\/{rel}","templated":true}]}}